{"id":3,"date":"2026-01-26T15:30:20","date_gmt":"2026-01-26T15:30:20","guid":{"rendered":"https:\/\/hotelresidencearturo.com\/?page_id=3"},"modified":"2026-02-05T02:21:44","modified_gmt":"2026-02-05T01:21:44","slug":"privacy-policy","status":"publish","type":"page","link":"https:\/\/hotelresidencearturo.com\/it\/privacy-policy\/","title":{"rendered":"Privacy Policy"},"content":{"rendered":"\t\t<div data-elementor-type=\"wp-page\" data-elementor-id=\"3\" class=\"elementor elementor-3\">\n\t\t\t\t<div class=\"elementor-element elementor-element-18a8610 e-flex e-con-boxed e-con e-parent\" data-id=\"18a8610\" data-element_type=\"container\" data-e-type=\"container\">\n\t\t\t\t\t<div class=\"e-con-inner\">\n\t\t\t\t<div class=\"elementor-element elementor-element-9946eee elementor-widget elementor-widget-heading\" data-id=\"9946eee\" data-element_type=\"widget\" data-e-type=\"widget\" data-widget_type=\"heading.default\">\n\t\t\t\t<div class=\"elementor-widget-container\">\n\t\t\t\t\t<h3 class=\"elementor-heading-title elementor-size-default\">TERMINI E CONDIZIONI GENERALI HOTEL RESIDENCE ARTURO E CARTA DEI DIRITTI E DOVERI DEL CLIENTE<\/h3>\t\t\t\t<\/div>\n\t\t\t\t<\/div>\n\t\t\t\t<div class=\"elementor-element elementor-element-173b945 elementor-widget elementor-widget-text-editor\" data-id=\"173b945\" data-element_type=\"widget\" data-e-type=\"widget\" data-widget_type=\"text-editor.default\">\n\t\t\t\t<div class=\"elementor-widget-container\">\n\t\t\t\t\t\t\t\t\t<div id=\"termcondbody1\"><p>1.ALBERGHI<\/p><\/div><div id=\"termcondbody2\"><p>.\u00a0L\u2019Hotel Residence Arturo \u00e9 una struttura per non fumatori, &#8220;se l\u2019ospite fuma in camera o in qualsiasi ambiente interno&#8221; dell\u2019albergo, l\u2019imprenditore alberghiero pu\u00f3 applicare una penale da aggiungere al conto della camera pari al costo delle pulizie straordinarie pi\u00fa il mancato guadagno per il giorno o i giorni in cui la stanza non possa essere riaffittata.<\/p><p>.\u00a0La &#8220;richiesta di disponibilit\u00e0&#8221; del cliente non \u00e8 vincolante e non assume forma di contratto &#8220;n\u00e8 per il Cliente e n\u00e8 per l\u2019Hotel Residence Arturo&#8221;.<\/p><p>.\u00a0La &#8220;conferma di disponibilit\u00e1&#8221; dell\u2019Albergatore non \u00e8 vincolante e non assume forma di contratto &#8220;n\u00e8 per il Cliente e n\u00e8 per l\u2019Hotel Residence Arturo&#8221;, perch\u00e9 si riferisce nel momento in cui la richiesta di disponibilit\u00e1 \u00e9 stata effettuata e sar\u00e1 confermata solo &#8220;temporaneamente&#8221; solo se al momento della richiesta ufficiale di prenotazione ci sar\u00e1 ancora disponibilit\u00e1.<\/p><p>.\u00a0La &#8220;richiesta di prenotazione&#8221; rappresenta Modulo d&#8217;Ordine e pertanto &#8220;vincolante per il Cliente&#8221; ma non vincolante per Hotel Residence Arturo, la quale parte si ritiene libera di non accettare la prenotazione a causa di richieste non conformi alle regole e condizioni, oppure per mancata disponibilit\u00e1 a causa di \u201crisposta in ritardo alla previa richiesta di prenotazione.<\/p><div id=\"caparra\"><p>La Caparra o (Deposito):<\/p><\/div><p>.\u00a0E&#8217; dovere informare che non esiste un protocollo Nazionale o delle norme specifiche per gestire o quantificare la somma da versare. Il tutto si riflette ad una politica personale che ogni gestore di albergo \u00e9 libero di applicare quando lo ritiene opportuno. La caparra \u00e9 sottintesa in modalit\u00e1 \u201cCaparra Confirmatoria\u201d, spesso per\u00f3 viene considerata pari ad 1\/3 del totale del soggiorno. La prenotazione \u00e8 effettiva &#8220;solo all\u2019atto di ricevimento della caparra che diventa acconto&#8221;.<\/p><p>.\u00a0Nel caso in cui la prenotazione venga &#8220;confermata temporaneamente&#8221; dall\u2019Hotel Residence Arturo durante il periodo di transizione per lo svolgimento delle pratiche di spedizione della &#8220;Caparra Confirmatoria&#8221;, entrambe le parti si devono considerare vincolati al contratto di prenotazione fino alla scadenza dei 10 o 7 giorni, dipende dal periodo prenotato se \u00e9 in bassa o alta stagione, a partire dalla data di spedizione di posta elettronica con i dati bancari dell\u2019Hotel Residence Arturo, salvo istruzioni e richieste specifiche inerenti alla spedizione della Caparra stessa.<\/p><p>.\u00a0Al mancato arrivo della Caparra Confirmatoria &#8220;entro i tempi indicati&#8221; dall&#8217;operatore alberghiero, l\u2019Hotel Residence Arturo pu\u00f3 recedere dal contratto e &#8220;sar\u00e1 svincolato dal contratto di prenotazione&#8221;.<\/p><p>.\u00a0Inoltre, E&#8217; dovere informare che non esiste un protocollo Nazionale per gestire il prezzo della caparre od il rimborsoi. Il tutto si riflette ad una politica personale che ogni gestore di albergo \u00e9 libero di applicare se lo ritiene opportuno.<\/p><div id=\"cancellazioni\"><p>\u00a0 \u00a0 \u00a0 \u00a0Condizioni di Cancellazioine:<\/p><\/div><p>.\u00a0<strong>La cancellazione<\/strong> per qualsiasi motivo di malattie in generale, Covid-19 o cause di forza maggiore, faremo il rimborso totale della caparra, solo se la cancellazione viene richiesta minimo 4 o 6 settimane prima della data di arrivo e questo va in base al periodo prenootato, se \u00e8 in alta o bassa stagione.<\/p><p>.\u00a0<strong>Per le cancellazioni<\/strong> di prenotazioni fatte vicinissime alla data di arrivo, faremo il rimborso totale o una percentuale della caparra in base alla copertura dei giorni prenotati, solo (se si riucsir\u00e1 a riallocare totalmente o parzialmente lo stesso periodo ad un\u2019altro cliente). Per questa opzioine si dovr\u00e1 aspettare fino alla data di scadenza del periodo prenotato.<\/p><p>.\u00a0<strong>Altra alternativa<\/strong> di rimborso totale della caparra, verr\u00e1 fatto, solamente per cause Covid-19, se il governo decidesse di chiudere il transito tra le regioni coinvolte con la regione Marche o blocco totale delle Frontiere, anche in un periodo prossimo al giorno prima dell&#8217;arrivo. Questo lo sapremo dai comunicati mediali e dai Tg Regionali e Nazionali.<\/p><\/div><div id=\"termcondbody3\"><p>1.1 Contratto d\u2019albergo:<\/p><\/div><div id=\"termcondbody4\"><p>.\u00a0Il contratto d\u2019albergo, quello con il quale l\u2019imprenditore alberghiero, si obbliga a fornire ad un turista, dietro il pagamento di un prezzo, l\u2019alloggio, il vitto e altri servizi strumentali ed accessori in locali appositamente organizzati, \u00e8 un contratto atipico di forma mista in quanto esso \u00e8 ricollegato al contratto di locazione, somministrazione, deposito e d\u2019opera; bench\u00e8 regolato dalle norme generali sui contratti &#8220;non ha una disciplina specifica dettata appositamente&#8221;.<\/p><p>.\u00a0L\u2019imprenditore alberghiero pu\u00f2 essere sia persona fisica che giuridica, mentre il turista \u00e8 inquadrato come un consumatore tutelabile quindi dall\u2019art. 1469-bis e ss. c.c. sulla clausole vessatorie.<\/p><p>.\u00a0L\u2019ospite, tuttavia, non \u00e8 necessariamente parte del contratto. Il contratto d\u2019albergo pu\u00f2, infatti, atteggiarsi come contratto a favore di terzi (art. 1411 ss. c.c.). E\u2019 quanto accade nel caso in cui un soggiorno premio sia acquistato da un\u2019azienda a favore dei propri dipendenti o nel caso in cui il turista incarichi della prenotazione l\u2019agenzia di viaggio che agisce quale mandataria senza rappresentanza del turista o ancora nel caso in cui il contratto sia concluso da un Comune per ragione di pubblico interesse, a favore di famiglie prive di alloggio perch\u00e8 sfrattate, etc..<\/p><p>.\u00a0Nel contratto d\u2019albergo \u00e8 lasciato alla volont\u00e0 delle parti che possono decidere liberatamente reciproche obbligazioni, diritti, modalit\u00e0 d\u2019esecuzione, etc.<\/p><p>.\u00a0Per questo tipo di accordo la forma scritta non \u00e8 obbligatoria. Il contratto \u00e8 valido se stipulato verbalmente, di persona o per telefono. Ovviamente la forma scritta \u00e8 altamente preferibile per la semplice ragione che nel caso di contestazioni sull\u2019esistenza dell\u2019accordo, i termini e le modalit\u00e0 d\u2019esecuzione, lo scritto costituir\u00e0 prova documentale di quanto stipulato.<\/p><p>.\u00a0Nel contratto, che si perfeziona verso la mera adesione dell\u2019ospite sia essa espressa o per fatti concludenti, dovrebbero essere indicate tutte le prestazioni a carico delle parti in modo univoco: tipo di servizio, durata del soggiorno, prezzo e modalit\u00e0 di pagamento ed eventuali ulteriori prestazioni accessorie incluse o meno nel prezzo.<\/p><\/div><div id=\"termcondbody5\"><p>1.2 &#8211; C.C.D. (Contratto Concluso a Distanza):<\/p><\/div><div id=\"termcondbody6\"><p>.\u00a0Negli ultimi anni sono sempre pi\u00f9 numerosi i consumatori che prenotano viaggi, voli, concerti e quant&#8217;altro utilizzando \u201cinternet e posta elettronica\u201d; si tratta pertanto di c.c.d. contratti conclusi a distanza. Per questi contratti in linea di principio i consumatori possono recedere gratuitamente, entro 10 giorni lavorativi dalla conclusione, senza pagare alcuna penale per il recesso.<\/p><p>.\u00a0Il contratto d\u2019albergo pu\u00f2 essere concluso anche attraverso i mezzi informatici, o tramite l\u2019invio di un messaggio di posta elettronica o con la compilazione di moduli gi\u00e0 predisposti se l\u2019albergo ha un proprio sito. E\u2019 ovvio, per\u00f2, che le pagine web dell\u2019albergo devono riportare notizie veritiere, prive di enfasi ed in particolare i messaggi pubblicitari non devono essere ingannevoli. Il decreto legislativo n.185 del 22 maggio del 1999 ha recepito in Italia la direttiva 97\/7\/CE del 17 febbraio del 1997 relativa ai contratti negoziati a distanza, ovvero tutti quegli accordi per la vendita di beni e servizi stipulati senza la presenza fisica e simultanea del fornitore e del consumatore grazie all\u2019utilizzo di tecniche di comunicazione a distanza (internet, mail, radio, tv, fax, etc.).<\/p><p>.\u00a0Con il decreto legislativo n.185 del 22 maggio del 1999 il termine concesso al consumatore per esercitare il diritto di recesso del contratto \u00e8 passato da 7 a 10 giorni lavorativi dalla sottoscrizione del contratto (anche in presenza di una di caparra) \u201ca partire dal giorno in cui la caparra o deposito \u00e9 arrivato in possesso dell\u2019imprenditore alberghiero ed \u00e9 valido solamente nei casi in cui la prenotazione venga fatta almeno 6 Settimane prima della data di arrivo, specialmente per periodi di Alta Stagione, (per esempio Luglio ed Agosto)\u201d, senza necessit\u00e0 di indicare i motivi (cosiddetto \u201cdiritto di ripensamento\u201d), una scadenza che arriva addirittura a 3 mesi se il consumatore non viene informato di tutto ci\u00f2 che gli spetta di diritto.<\/p><\/div><div id=\"termcondbody7\"><p>Prenotazione Alberghiera:<\/p><p>\u201cLa prenotazione, quindi, va a tutti gli effetti considerata come la conclusione del contratto d\u2019albergo\u201d<\/p><\/div><div id=\"termcondbody8\"><p>.\u00a0La prenotazione alberghiera \u00e8 un contratto atipico, in quanto non trova un\u2019espressa disciplina normativa, a differenza di quanto accade per altre fattispecie di prenotazione.<\/p><p>.\u00a0Vi sono molti modi che permettono all\u2019ospite di prenotare ed ottenere la sistemazione nella camera dell\u2019albergo scelto. Infatti l\u2019ospite pu\u00f2 presentarsi personalmente ed ottenere l&#8217;alloggio immediatamente oppure pu\u00f2 prenotare una camera telefonicamente, per lettera, posta elettronica o ancora pu\u00f2 rivolgersi ad un&#8217;agenzia di viaggi che funge da intermediario. Comunque il momento in cui si perfeziona l&#8217;accordo contrattuale \u00e8 sempre lo stesso e si verifica con l&#8217;accettazione, da parte dell\u2019ospite, dell&#8217;offerta dell&#8217;albergatore.<\/p><p>.\u00a0L&#8217;albergatore che abbia camere disponibili non pu\u00f2 rifiutare l&#8217;alloggio a chi lo richieda, in quanto violerebbe norme di ordine pubblico. Tale rifiuto dell\u2019albergatore pu\u00f2 avvenire solo nel caso in cui l\u2019ospite rifiuti di fornire le proprie generalit\u00e0 o rifiuti di corrispondere il prezzo pattuito.<\/p><\/div><div id=\"termcondbody9\"><p>1.3 Prenotazioni concluse a distanza:<\/p><\/div><div id=\"termcondbody10\"><p>.\u00a0Il Codice del Consumo \u201c(art. 55) esclude\u201d per\u00f2 espressamente \u201cil diritto di recesso per i contratti di fornitura di servizi relativi all&#8217;alloggio\u201d, ai trasporti, alla ristorazione e al tempo libero, quando al momento della conclusione del contratto il professionista si impegna a fornire tali prestazioni ad una data determinata o in un periodo prestabilito.<\/p><p>.\u00a0Ci\u00f2 significa che per le prenotazioni alberghiere concluse attraverso un mezzo di comunicazione a distanza (ad esempio su un portale di prenotazione \u201con-line o direttamente con l\u2019Albergatore via posta elettronica\u201d), il \u201cdiritto di recesso \u00e8 escluso\u201d ed \u00e8 pertanto solitamente possibile recedere soltanto pagando le penali di recesso previste.<\/p><p>.\u00a0Alcuni portali di prenotazione offrono camere d&#8217;albergo con la possibilit\u00e0 di cancellare gratuitamente la propria prenotazione fino ad un giorno prima del soggiorno oppure di stipulare un&#8217;assicurazione di annullamento a prezzi della camera maggiorati.<\/p><\/div><div id=\"termcondbody11\"><p>Di seguito si riporta una serie di casi particolari che ineriscono al contratto:<\/p><\/div><div id=\"termcondbody12\"><p>\u00a0\u00a0\u00a01.\u00a0inserzioni sui giornali e depliants alberghieri difformi dalla realt\u00e0, possono costituire elementi sufficienti per recedere dal contratto (caso di pubblicit\u00e0 ingannevole);<\/p><p>\u00a0\u00a0\u00a02.\u00a0se l\u2019ospite entro le ore 19.00 del giorno di arrivo del periodo prenotato non occupa la propria camera o non d\u00e0 conferma, l\u2019albergatore \u00e8 sciolto da ogni impegno di prenotazione e potr\u00e0 ritenere l\u2019eventuale \u00a0\u00a0\u00a0\u00a0\u00a0\u00a0caparra versatagli, a meno che non ci siano stati precedenti accordi sull\u2019orario di arrivo;<\/p><p>\u00a0\u00a0\u00a03.\u00a0se l\u2019ospite arriva in ritardo, rispetto al giorno di prenotazione, (avendo prima comunicato il suo prossimo arrivo) l\u2019albergatore pu\u00f2 sempre esigere il prezzo della camera prenotata per tutti i giorni che \u00e8 stata \u00a0\u00a0\u00a0a disposizione;<\/p><p>\u00a0\u00a0\u00a04.\u00a0l\u2019ospite pu\u00f2 prendere possesso della camera dalle ore 14:00 in poi;<\/p><p>\u00a0\u00a0\u00a05.\u00a0nell\u2019ultimo giorno di prenotazione l\u2019ospite deve lasciare la camera entro le ore 10:30 della mattina indipendentemente dall\u2019orario di arrivo;<\/p><p>\u00a0\u00a0\u00a06.\u00a0l\u2019albergatore pu\u00f2 accettare cani in albergo \u201csolo in caso che l\u2019albergo sia abilitato ad accogliere animali\u201d, e pretendere una quota per la sola presenza del cane. Ai cani \u00e8 interdetto l\u2019accesso nella sala da \u00a0\u00a0\u00a0\u00a0\u00a0\u00a0pranzo e negli ambiente comuni e \u201c(spiagge dove ci sia gi\u00e1 un divieto Comunale)\u201d. Fuori dalla stanza, devono essere muniti di museruola oppure tenuti al guinzaglio.<\/p><p>Come detto in precedenza la prenotazione pu\u00f2 essere fatta anche solamente con una telefonata. Per evitare malintesi o inconvenienti ancora peggiori, conviene non accontentarsi di assicurazioni verbali. E\u2019 preferibile ottenere una conferma scritta da parte dell\u2019albergatore anche se comunque, la mancata contestazione a quanto scritto, prima che il servizio sia reso, vale come assenso.<\/p><\/div><div id=\"termcondbody13\"><p>1.4 La partenza anticipata:<\/p><\/div><div id=\"termcondbody14\"><p>.\u00a0Nel caso in cui il cliente anticipi la partenza per qualsiasi motivo, \u201cnon per colpa specifica dell\u2019albergatore\u201d, quest\u2019ultimo pu\u00f2 richiedere, a titolo di indennizzo, il pagamento dei giorni gi\u00e1 usufruiti pi\u00fa una somma pari al \u201cmassimo di 3 notti, solo del prezzo della camera (anche in casi di modalit\u00e1 di pensione completa)\u201d ed anche se le notti rimaste fossero \u201csuperiori a 3\u201d.<\/p><p>.\u00a0Se la partenza anticipata avviene \u201centro 3 giorni dalla data di arrivo\u201d del cliente, l\u2019albergatore pu\u00f2 applicare il prezzo della penalit\u00e0 della prima notte dell\u2019arrivo pi\u00fa 2 notti oppure il totale a saldo, se la prenotazione fatta era solo per 3 notti.<\/p><p>.\u00a0Vi \u00e8 rottura del contratto anche quando uno solo degli occupanti una camera a due o pi\u00f9 letti anticipi la partenza. In questo caso l\u2019albergatore pu\u00f2:<\/p><p>\u00a0\u00a0\u00a01)\u00a0recedere dall\u2019accordo e licenziare tutto il gruppo pretendendo la penalit\u00e0 dalla partenza anticipata;<\/p><p>\u00a0\u00a0\u00a02)\u00a0oppure, mantenere il gruppo in albergo e pretendere la penalit\u00e0 in ragione delle tre notti per il letto non occupato.<\/p><\/div><div id=\"termcondbody15\"><p>1.5 Doveri dell\u2019ospite:<\/p><\/div><div id=\"termcondbody16\"><p>.\u00a0Oltre ai citati diritti l\u2019ospite ha anche dei doveri nei confronti dell\u2019albergatore che gli garantisce i servizi.<\/p><p>.\u00a0I doveri principali sono quelli di pagare il prezzo dell&#8217;alloggio e dei servizi accessori, quello di rispettare l\u2019eventuale disciplina interna, che deve essere portata a conoscenza preventivamente dell\u2019ospite (ad esempio: il divieto di introdurre animali nella struttura dell\u2019albergo o portare alimenti e bevande in camera e in sala, ecc.).<\/p><p>.\u00a0L&#8217;albergatore che non riceve dall\u2019ospite il pagamento del prezzo pu\u00f2 rivalersi sulle cose portate da lui nell&#8217;albergo (per esempio il bagaglio, l&#8217;autovettura introdotta nel parcheggio dell&#8217;albergo, i valori consegnati in deposito, ecc.).<\/p><\/div><div id=\"termcondbody17\"><p>1.6 Responsabilit\u00e0 per inadempimento del contratto:<\/p><\/div><div id=\"termcondbody18\"><p>a) Da parte dell\u2019albergatore:<\/p><\/div><div id=\"termcondbody19\"><p>.\u00a0Una volta effettuata validamente la prenotazione, l\u2019albergatore \u00e8 tenuto a conservare la disponibilit\u00e0 dell\u2019alloggio. In mancanza, si verifica, a suo carico, una responsabilit\u00e0 per inadempimento, con conseguente obbligo al risarcimento del danno, secondo le regole sulle obbligazioni in generale.<\/p><p>.\u00a0La forma pi\u00f9 comoda di risarcimento, e pi\u00f9 utile anche per il cliente, \u00e8 quella \u201cin forma specifica\u201d: l\u2019albergatore inadempiente dovr\u00e0 adoperarsi per procurare al cliente una \u201csistemazione alternativa, nello stesso luogo e di pari livello o superiore\u201d. Se ci\u00f2 risulta impossibile, l\u2019albergatore \u00e8 obbligato ad un \u201crisarcimento pecuniario\u201d, da quantificare caso per caso.<\/p><\/div><div id=\"termcondbody20\"><p>b) Da parte del cliente:<\/p><\/div><div id=\"termcondbody21\"><p>.\u00a0Se la prenotazione \u00e8 stata accompagnata dal versamento di una somma di denaro, comunque denominata, si deve ritenere che il contratto si sia perfezionato, con obbligazioni anche a carico del cliente. In particolare, l\u2019obbligazione che il cliente ha assunto, \u00e8 quella di \u201cpresentarsi in albergo e usufruire dei servizi prenotati\u201d.<\/p><p>.\u00a0In mancanza, sar\u00e0 tenuto a risarcire il danno all\u2019albergatore. Tale danno andr\u00e0 quantificato in riferimento al \u201cmancato guadagno corrispondente al prezzo delle camere prenotate e non riassegnate\u201d, detratto il prezzo dei servizi accessori non usufruiti.<\/p><\/div><div id=\"iatancona1\"><p>IAT ANCONA:<\/p><\/div><div id=\"iatancona2\"><p>Centro di informazioni e Accoglienza Turistica Via Della Loggia, 50 \u2013 Ancona AN Tel: 071 2076431 mobile: 335 145454<\/p><p>E-mail:\u00a0<a class=\" fontcolor\" href=\"mailto:iat.ancona@regione.marche.it\">iat.ancona@regione.marche.it<\/a><\/p><p>Web Site:\u00a0<a class=\" fontcolor\" href=\"https:\/\/www.consumatori.it\">www.consumatori.it<\/a><\/p><\/div>\t\t\t\t\t\t\t\t<\/div>\n\t\t\t\t<\/div>\n\t\t\t\t\t<\/div>\n\t\t\t\t<\/div>\n\t\t\t\t<\/div>\n\t\t","protected":false},"excerpt":{"rendered":"<p>TERMINI E CONDIZIONI GENERALI HOTEL RESIDENCE ARTURO E CARTA DEI DIRITTI E DOVERI DEL CLIENTE 1.ALBERGHI .\u00a0L\u2019Hotel Residence Arturo \u00e9 una struttura per non fumatori, &#8220;se l\u2019ospite fuma in camera o in qualsiasi ambiente interno&#8221; dell\u2019albergo, l\u2019imprenditore alberghiero pu\u00f3 applicare una penale da aggiungere al conto della camera pari al costo delle pulizie straordinarie pi\u00fa [&hellip;]<\/p>\n","protected":false},"author":1,"featured_media":0,"parent":0,"menu_order":0,"comment_status":"closed","ping_status":"closed","template":"","meta":{"site-sidebar-layout":"no-sidebar","site-content-layout":"page-builder","ast-site-content-layout":"full-width-container","site-content-style":"default","site-sidebar-style":"default","ast-global-header-display":"","ast-banner-title-visibility":"","ast-main-header-display":"","ast-hfb-above-header-display":"","ast-hfb-below-header-display":"","ast-hfb-mobile-header-display":"","site-post-title":"disabled","ast-breadcrumbs-content":"","ast-featured-img":"disabled","footer-sml-layout":"","ast-disable-related-posts":"","theme-transparent-header-meta":"default","adv-header-id-meta":"","stick-header-meta":"","header-above-stick-meta":"","header-main-stick-meta":"","header-below-stick-meta":"","astra-migrate-meta-layouts":"set","ast-page-background-enabled":"default","ast-page-background-meta":{"desktop":{"background-color":"","background-image":"","background-repeat":"repeat","background-position":"center center","background-size":"auto","background-attachment":"scroll","background-type":"","background-media":"","overlay-type":"","overlay-color":"","overlay-opacity":"","overlay-gradient":""},"tablet":{"background-color":"","background-image":"","background-repeat":"repeat","background-position":"center center","background-size":"auto","background-attachment":"scroll","background-type":"","background-media":"","overlay-type":"","overlay-color":"","overlay-opacity":"","overlay-gradient":""},"mobile":{"background-color":"","background-image":"","background-repeat":"repeat","background-position":"center center","background-size":"auto","background-attachment":"scroll","background-type":"","background-media":"","overlay-type":"","overlay-color":"","overlay-opacity":"","overlay-gradient":""}},"ast-content-background-meta":{"desktop":{"background-color":"var(--ast-global-color-5)","background-image":"","background-repeat":"repeat","background-position":"center center","background-size":"auto","background-attachment":"scroll","background-type":"","background-media":"","overlay-type":"","overlay-color":"","overlay-opacity":"","overlay-gradient":""},"tablet":{"background-color":"var(--ast-global-color-5)","background-image":"","background-repeat":"repeat","background-position":"center center","background-size":"auto","background-attachment":"scroll","background-type":"","background-media":"","overlay-type":"","overlay-color":"","overlay-opacity":"","overlay-gradient":""},"mobile":{"background-color":"var(--ast-global-color-5)","background-image":"","background-repeat":"repeat","background-position":"center center","background-size":"auto","background-attachment":"scroll","background-type":"","background-media":"","overlay-type":"","overlay-color":"","overlay-opacity":"","overlay-gradient":""}},"footnotes":""},"class_list":["post-3","page","type-page","status-publish","hentry"],"_links":{"self":[{"href":"https:\/\/hotelresidencearturo.com\/it\/wp-json\/wp\/v2\/pages\/3","targetHints":{"allow":["GET"]}}],"collection":[{"href":"https:\/\/hotelresidencearturo.com\/it\/wp-json\/wp\/v2\/pages"}],"about":[{"href":"https:\/\/hotelresidencearturo.com\/it\/wp-json\/wp\/v2\/types\/page"}],"author":[{"embeddable":true,"href":"https:\/\/hotelresidencearturo.com\/it\/wp-json\/wp\/v2\/users\/1"}],"replies":[{"embeddable":true,"href":"https:\/\/hotelresidencearturo.com\/it\/wp-json\/wp\/v2\/comments?post=3"}],"version-history":[{"count":8,"href":"https:\/\/hotelresidencearturo.com\/it\/wp-json\/wp\/v2\/pages\/3\/revisions"}],"predecessor-version":[{"id":1830,"href":"https:\/\/hotelresidencearturo.com\/it\/wp-json\/wp\/v2\/pages\/3\/revisions\/1830"}],"wp:attachment":[{"href":"https:\/\/hotelresidencearturo.com\/it\/wp-json\/wp\/v2\/media?parent=3"}],"curies":[{"name":"wp","href":"https:\/\/api.w.org\/{rel}","templated":true}]}}